{"id":906,"date":"2020-05-19T18:52:43","date_gmt":"2020-05-19T16:52:43","guid":{"rendered":"https:\/\/www.monika-ischgl.at\/?page_id=906"},"modified":"2020-05-20T14:37:02","modified_gmt":"2020-05-20T12:37:02","slug":"skigebiet-ischgl-samnaun","status":"publish","type":"page","link":"https:\/\/www.monika-ischgl.at\/en\/skigebiet-ischgl-samnaun\/","title":{"rendered":"Skiarea Ischgl\/Samnaun"},"content":{"rendered":"<ul class=\"wp-block-list\"><li>239 kilometres of perfectly groomed slopes<\/li><li>guaranteed snow from November to the beginning of April<\/li><li>45 cable cars and lifts \u2013 so you can move along swiftly on the mountain<\/li><li>with about 94,671 people transportation capacity per hour<\/li><\/ul>\n\n\n\n<!-- iframe plugin v.6.0 wordpress.org\/plugins\/iframe\/ -->\n<iframe loading=\"lazy\" src=\"https:\/\/winter.intermaps.com\/silvretta_arena?zoomCalculationMode=fill\" width=\"100%\" height=\"1000PX\" scrolling=\"yes\" class=\"iframe-class\" frameborder=\"0\"><\/iframe>","protected":false},"excerpt":{"rendered":"<p>239 bestens pr\u00e4parierte Pistenkilometer Schneesicherheit von November bis Anfang Mai 45 Bergbahnen und Lifte sorgen f\u00fcr ein rasches Vorankommen am Berg 94.671 Personen Gesamtf\u00f6rderungsleistung pro Stunde<\/p>","protected":false},"author":1,"featured_media":0,"parent":0,"menu_order":0,"comment_status":"closed","ping_status":"closed","template":"","meta":{"footnotes":""},"class_list":["post-906","page","type-page","status-publish","hentry"],"_links":{"self":[{"href":"https:\/\/www.monika-ischgl.at\/en\/wp-json\/wp\/v2\/pages\/906","targetHints":{"allow":["GET"]}}],"collection":[{"href":"https:\/\/www.monika-ischgl.at\/en\/wp-json\/wp\/v2\/pages"}],"about":[{"href":"https:\/\/www.monika-ischgl.at\/en\/wp-json\/wp\/v2\/types\/page"}],"author":[{"embeddable":true,"href":"https:\/\/www.monika-ischgl.at\/en\/wp-json\/wp\/v2\/users\/1"}],"replies":[{"embeddable":true,"href":"https:\/\/www.monika-ischgl.at\/en\/wp-json\/wp\/v2\/comments?post=906"}],"version-history":[{"count":4,"href":"https:\/\/www.monika-ischgl.at\/en\/wp-json\/wp\/v2\/pages\/906\/revisions"}],"predecessor-version":[{"id":913,"href":"https:\/\/www.monika-ischgl.at\/en\/wp-json\/wp\/v2\/pages\/906\/revisions\/913"}],"wp:attachment":[{"href":"https:\/\/www.monika-ischgl.at\/en\/wp-json\/wp\/v2\/media?parent=906"}],"curies":[{"name":"wp","href":"https:\/\/api.w.org\/{rel}","templated":true}]}}