{"id":1541,"date":"2023-07-02T11:30:06","date_gmt":"2023-07-02T09:30:06","guid":{"rendered":"https:\/\/www.monika-ischgl.at\/?page_id=1541"},"modified":"2023-08-09T15:43:16","modified_gmt":"2023-08-09T13:43:16","slug":"silvretta-therme-ischgl","status":"publish","type":"page","link":"https:\/\/www.monika-ischgl.at\/en\/silvretta-therme-ischgl\/","title":{"rendered":"Silvretta Therme Ischgl"},"content":{"rendered":"<figure class=\"wp-block-image size-full is-resized\"><img loading=\"lazy\" decoding=\"async\" src=\"https:\/\/www.monika-ischgl.at\/2019\/wordpress\/wp-content\/uploads\/2023\/08\/dark.png\" alt=\"\" class=\"wp-image-1564\" width=\"311\" height=\"222\" srcset=\"https:\/\/www.monika-ischgl.at\/2019\/wordpress\/wp-content\/uploads\/2023\/08\/dark.png 622w, https:\/\/www.monika-ischgl.at\/2019\/wordpress\/wp-content\/uploads\/2023\/08\/dark-300x214.png 300w, https:\/\/www.monika-ischgl.at\/2019\/wordpress\/wp-content\/uploads\/2023\/08\/dark-18x12.png 18w\" sizes=\"auto, (max-width: 311px) 100vw, 311px\" \/><\/figure>\n\n\n\n<p>Silvretta Therme &#8211; L\u00e4ssig relaxen<br><\/p>\n\n\n\n<p>Panorama-Pools, Wellness und moderne Sauna-Landschaft: Die Silvretta Therme ist der ideale Ort f\u00fcr alle, die Sport und Erholung kombinieren m\u00f6chten \u2013 und das auf h\u00f6chstem Niveau. Denn Ischgls Wellnessoase begeistert durch ein architektonisch spannendes \u00c4u\u00dferes wie auch durch ihr luxuri\u00f6ses Interieur. Eine weitl\u00e4ufige Panorama-Pool-Landschaft, ein exklusiver Saunabereich und hochwertige Spa-Behandlungen machen Ihren Aufenthalt in der Silvretta Therme Ischgl zum Wellness-Erlebnis mit alpinem Flair.<br>In einem puristisch-eleganten Ambiente finden Sie bei uns aktive Erholung und wohltuende Regeneration.<\/p>\n\n\n\n<figure class=\"wp-block-image size-large\"><img loading=\"lazy\" decoding=\"async\" width=\"768\" height=\"1024\" src=\"https:\/\/www.monika-ischgl.at\/2019\/wordpress\/wp-content\/uploads\/2023\/07\/DJI_0647-768x1024.jpg\" alt=\"\" class=\"wp-image-1543\" srcset=\"https:\/\/www.monika-ischgl.at\/2019\/wordpress\/wp-content\/uploads\/2023\/07\/DJI_0647-768x1024.jpg 768w, https:\/\/www.monika-ischgl.at\/2019\/wordpress\/wp-content\/uploads\/2023\/07\/DJI_0647-225x300.jpg 225w, https:\/\/www.monika-ischgl.at\/2019\/wordpress\/wp-content\/uploads\/2023\/07\/DJI_0647-1152x1536.jpg 1152w, https:\/\/www.monika-ischgl.at\/2019\/wordpress\/wp-content\/uploads\/2023\/07\/DJI_0647-1536x2048.jpg 1536w, https:\/\/www.monika-ischgl.at\/2019\/wordpress\/wp-content\/uploads\/2023\/07\/DJI_0647-9x12.jpg 9w, https:\/\/www.monika-ischgl.at\/2019\/wordpress\/wp-content\/uploads\/2023\/07\/DJI_0647-scaled.jpg 1920w\" sizes=\"auto, (max-width: 768px) 100vw, 768px\" \/><figcaption>Die Silvretta Therme im Winter<\/figcaption><\/figure>\n\n\n\n<h2 class=\"wp-block-heading\"><\/h2>\n\n\n\n<h3 class=\"wp-block-heading\">Die Highlights der Silvretta Therme:<\/h3>\n\n\n\n<ul class=\"wp-block-list\"><li>gro\u00dfz\u00fcgige Panorama-Poollandschaft mit Whirl-Turm und eigener Liege-Empore<\/li><li>25-Meter-Profi-Sportbecken<\/li><li>Au\u00dfenbecken mit Poolbar<\/li><li>beheizte Au\u00dfenbecken auf dem Dach<\/li><li>modernste Saunalandschaft mit Liegeplatz-Garantie, Au\u00dfenwhirlpool, Schneegrotte und gro\u00dfz\u00fcgigem Saunagarten<\/li><li>Sauna-Aufg\u00fcsse und Zeremonien mit selbstgemachten Aufgussmittel von top-geschulten Sauna-Meisterinnen und -Meister<\/li><li>Getr\u00e4nkeservice an die Liege<\/li><li>verschiedenste Themen-Ruher\u00e4ume<\/li><li>Spa mit topmodernen Anwendungen<\/li><li>Physiotherapiepraxis<\/li><li>Fitnesscenter mit Schwerpunkt Regeneration und Rehabilitation<\/li><li>im Winter Eislaufbahn rund um das Geb\u00e4ude<\/li><li>vielf\u00e4ltiges, hochwertiges Kulinarik-Angebot<\/li><li>mehr Informationen unter <a href=\"https:\/\/www.silvrettatherme.at\/de\">https:\/\/www.silvrettatherme.at<\/a><\/li><li>Tickets siehe <a rel=\"noreferrer noopener\" href=\"https:\/\/shop.silvrettatherme.at\/de\" target=\"_blank\">https:\/\/shop.silvrettatherme.at<\/a><\/li><\/ul>\n\n\n\n<figure class=\"wp-block-image size-full\"><a href=\"https:\/\/www.silvrettatherme.at\/de\"><img loading=\"lazy\" decoding=\"async\" width=\"800\" height=\"200\" src=\"https:\/\/www.monika-ischgl.at\/2019\/wordpress\/wp-content\/uploads\/2023\/08\/Silvretta_Button_800x200-2.gif\" alt=\"\" class=\"wp-image-1553\"\/><\/a><\/figure>\n\n\n\n<figure class=\"wp-block-image size-large\"><img loading=\"lazy\" decoding=\"async\" width=\"768\" height=\"1024\" src=\"https:\/\/www.monika-ischgl.at\/2019\/wordpress\/wp-content\/uploads\/2023\/07\/dji_fly_20230625_085642_228_1687677517481_photo-768x1024.jpg\" alt=\"\" class=\"wp-image-1547\" srcset=\"https:\/\/www.monika-ischgl.at\/2019\/wordpress\/wp-content\/uploads\/2023\/07\/dji_fly_20230625_085642_228_1687677517481_photo-768x1024.jpg 768w, https:\/\/www.monika-ischgl.at\/2019\/wordpress\/wp-content\/uploads\/2023\/07\/dji_fly_20230625_085642_228_1687677517481_photo-225x300.jpg 225w, https:\/\/www.monika-ischgl.at\/2019\/wordpress\/wp-content\/uploads\/2023\/07\/dji_fly_20230625_085642_228_1687677517481_photo-1152x1536.jpg 1152w, https:\/\/www.monika-ischgl.at\/2019\/wordpress\/wp-content\/uploads\/2023\/07\/dji_fly_20230625_085642_228_1687677517481_photo-1536x2048.jpg 1536w, https:\/\/www.monika-ischgl.at\/2019\/wordpress\/wp-content\/uploads\/2023\/07\/dji_fly_20230625_085642_228_1687677517481_photo-9x12.jpg 9w, https:\/\/www.monika-ischgl.at\/2019\/wordpress\/wp-content\/uploads\/2023\/07\/dji_fly_20230625_085642_228_1687677517481_photo-scaled.jpg 1920w\" sizes=\"auto, (max-width: 768px) 100vw, 768px\" \/><figcaption>Die Silvretta Therme im Sommer<\/figcaption><\/figure>","protected":false},"excerpt":{"rendered":"<p>Silvretta Therme &#8211; L\u00e4ssig relaxen Panorama-Pools, Wellness und moderne Sauna-Landschaft: Die Silvretta Therme ist der ideale Ort f\u00fcr alle, die Sport und Erholung kombinieren m\u00f6chten \u2013 und das auf h\u00f6chstem Niveau. Denn Ischgls Wellnessoase begeistert durch ein architektonisch spannendes \u00c4u\u00dferes wie auch durch ihr luxuri\u00f6ses Interieur. Eine weitl\u00e4ufige Panorama-Pool-Landschaft, ein<\/p>","protected":false},"author":1,"featured_media":0,"parent":0,"menu_order":0,"comment_status":"closed","ping_status":"closed","template":"","meta":{"footnotes":""},"class_list":["post-1541","page","type-page","status-publish","hentry"],"_links":{"self":[{"href":"https:\/\/www.monika-ischgl.at\/en\/wp-json\/wp\/v2\/pages\/1541","targetHints":{"allow":["GET"]}}],"collection":[{"href":"https:\/\/www.monika-ischgl.at\/en\/wp-json\/wp\/v2\/pages"}],"about":[{"href":"https:\/\/www.monika-ischgl.at\/en\/wp-json\/wp\/v2\/types\/page"}],"author":[{"embeddable":true,"href":"https:\/\/www.monika-ischgl.at\/en\/wp-json\/wp\/v2\/users\/1"}],"replies":[{"embeddable":true,"href":"https:\/\/www.monika-ischgl.at\/en\/wp-json\/wp\/v2\/comments?post=1541"}],"version-history":[{"count":18,"href":"https:\/\/www.monika-ischgl.at\/en\/wp-json\/wp\/v2\/pages\/1541\/revisions"}],"predecessor-version":[{"id":1570,"href":"https:\/\/www.monika-ischgl.at\/en\/wp-json\/wp\/v2\/pages\/1541\/revisions\/1570"}],"wp:attachment":[{"href":"https:\/\/www.monika-ischgl.at\/en\/wp-json\/wp\/v2\/media?parent=1541"}],"curies":[{"name":"wp","href":"https:\/\/api.w.org\/{rel}","templated":true}]}}