{"id":145,"date":"2014-09-23T17:39:45","date_gmt":"2014-09-23T17:39:45","guid":{"rendered":"http:\/\/www.monika-ischgl.at\/petra\/wordpress\/?page_id=145"},"modified":"2021-11-26T16:35:49","modified_gmt":"2021-11-26T16:35:49","slug":"online-buchen","status":"publish","type":"page","link":"http:\/\/www.monika-ischgl.at\/petra\/wordpress\/en\/online-buchen\/","title":{"rendered":"You benefits"},"content":{"rendered":"<ul class=\"wp-block-list\"><li>The latest, cheapest available online price&nbsp;<\/li><li>Secure booking&nbsp;<\/li><li>No additional or hidden costs<\/li><\/ul>\n\n\n\n<!-- iframe plugin v.6.0 wordpress.org\/plugins\/iframe\/ -->\n<iframe loading=\"lazy\" src=\"https:\/\/direct.bookingandmore.com\/accommodation\/dc8dc784-0fa0-454f-a727-c166f918c1eb?lang=de\" width=\"100%\" height=\"2000\" scrolling=\"yes\" class=\"iframe-class\" frameborder=\"0\"><\/iframe>","protected":false},"excerpt":{"rendered":"<p>aktuell g\u00fcnstigster verf\u00fcgbarer Online-Preis&nbsp; sichere Buchung&nbsp; keine zus\u00e4tzlichen oder versteckten Kosten<\/p>","protected":false},"author":1,"featured_media":0,"parent":0,"menu_order":0,"comment_status":"closed","ping_status":"closed","template":"","meta":{"footnotes":""},"class_list":["post-145","page","type-page","status-publish","hentry"],"_links":{"self":[{"href":"http:\/\/www.monika-ischgl.at\/petra\/wordpress\/en\/wp-json\/wp\/v2\/pages\/145"}],"collection":[{"href":"http:\/\/www.monika-ischgl.at\/petra\/wordpress\/en\/wp-json\/wp\/v2\/pages"}],"about":[{"href":"http:\/\/www.monika-ischgl.at\/petra\/wordpress\/en\/wp-json\/wp\/v2\/types\/page"}],"author":[{"embeddable":true,"href":"http:\/\/www.monika-ischgl.at\/petra\/wordpress\/en\/wp-json\/wp\/v2\/users\/1"}],"replies":[{"embeddable":true,"href":"http:\/\/www.monika-ischgl.at\/petra\/wordpress\/en\/wp-json\/wp\/v2\/comments?post=145"}],"version-history":[{"count":29,"href":"http:\/\/www.monika-ischgl.at\/petra\/wordpress\/en\/wp-json\/wp\/v2\/pages\/145\/revisions"}],"predecessor-version":[{"id":307,"href":"http:\/\/www.monika-ischgl.at\/petra\/wordpress\/en\/wp-json\/wp\/v2\/pages\/145\/revisions\/307"}],"wp:attachment":[{"href":"http:\/\/www.monika-ischgl.at\/petra\/wordpress\/en\/wp-json\/wp\/v2\/media?parent=145"}],"curies":[{"name":"wp","href":"https:\/\/api.w.org\/{rel}","templated":true}]}}